{"id":27303,"date":"2025-07-24T20:39:02","date_gmt":"2025-07-24T20:39:02","guid":{"rendered":"https:\/\/jamboreviews.com\/?page_id=27303"},"modified":"2025-08-07T20:56:40","modified_gmt":"2025-08-07T20:56:40","slug":"categories","status":"publish","type":"page","link":"https:\/\/jamboreviews.com\/en\/categories\/","title":{"rendered":"Cat\u00e9gories"},"content":{"rendered":"<div  id=\"lp_69e5e77635b77\" class=\"lp-section-row\">\n\t\t<div class=\"lp_section_inner  clearfix container\"  style=\"background-repeat: no-repeat;\"><div class=\"clearfix\"><div class=\"row lp-section-content clearfix\"><div class=\"wpb_column vc_column_container vc_col-sm-12\"><div class=\"vc_column-inner\"><div class=\"wpb_wrapper\"><div class=\"lp-section-content-container row\"><div class=\"lp-category-boxed2\"><div class=\"clearfix\"><\/div><div class=\"col-md-3\">   <div class=\"lp-category-boxed2-inner\">       <div class=\"lp-category-boxed2-inner-top\">            <i class=\"icon icon-category-element fa-solid fa-scale-balanced\"><\/i><h5><a href=\"https:\/\/jamboreviews.com\/en\/listing-category\/services_juridiques\/\">Services juridiques<\/a><\/h5>        <\/div>   <\/div><\/div><div class=\"col-md-3\">   <div class=\"lp-category-boxed2-inner\">       <div class=\"lp-category-boxed2-inner-top\">            <i class=\"icon icon-category-element fa-solid fa-screwdriver-wrench\"><\/i><h5><a href=\"https:\/\/jamboreviews.com\/en\/listing-category\/services\/\">Services<\/a><\/h5>        <\/div>   <\/div><\/div><div class=\"col-md-3\">   <div class=\"lp-category-boxed2-inner\">       <div class=\"lp-category-boxed2-inner-top\">            <i class=\"icon icon-category-element fa-solid fa-house-user\"><\/i><h5><a href=\"https:\/\/jamboreviews.com\/en\/listing-category\/immobilier\/\">Immobilier<\/a><\/h5>        <\/div>   <\/div><\/div><div class=\"col-md-3\">   <div class=\"lp-category-boxed2-inner\">       <div class=\"lp-category-boxed2-inner-top\">            <i class=\"icon icon-category-element fa-solid fa-gas-pump\"><\/i><h5><a href=\"https:\/\/jamboreviews.com\/en\/listing-category\/stations_services\/\">Stations services<\/a><\/h5>        <\/div>   <\/div><\/div><div class=\"col-md-3\">   <div class=\"lp-category-boxed2-inner\">       <div class=\"lp-category-boxed2-inner-top\">            <i class=\"icon icon-category-element fa-solid fa-boxes-packing\"><\/i><h5><a href=\"https:\/\/jamboreviews.com\/en\/listing-category\/depots_et_grossistes\/\">D\u00e9p\u00f4ts &amp; Grossistes<\/a><\/h5>        <\/div>   <\/div><\/div><div class=\"col-md-3\">   <div class=\"lp-category-boxed2-inner\">       <div class=\"lp-category-boxed2-inner-top\">            <i class=\"icon icon-category-element fa-solid fa-landmark\"><\/i><h5><a href=\"https:\/\/jamboreviews.com\/en\/listing-category\/administration_publique\/\">Administration publique<\/a><\/h5>        <\/div>   <\/div><\/div><div class=\"col-md-3\">   <div class=\"lp-category-boxed2-inner\">       <div class=\"lp-category-boxed2-inner-top\">            <i class=\"icon icon-category-element fa-solid fa-person-digging\"><\/i><h5><a href=\"https:\/\/jamboreviews.com\/en\/listing-category\/btp_et_construction\/\">BTP &amp; Construction<\/a><\/h5>        <\/div>   <\/div><\/div><div class=\"col-md-3\">   <div class=\"lp-category-boxed2-inner\">       <div class=\"lp-category-boxed2-inner-top\">            <i class=\"icon icon-category-element fa-solid fa-school\"><\/i><h5><a href=\"https:\/\/jamboreviews.com\/en\/listing-category\/ecoles_de_formation\/\">\u00c9coles de formation<\/a><\/h5>        <\/div>   <\/div><\/div><div class=\"col-md-3\">   <div class=\"lp-category-boxed2-inner\">       <div class=\"lp-category-boxed2-inner-top\">            <i class=\"icon icon-category-element fa-solid fa-truck-fast\"><\/i><h5><a href=\"https:\/\/jamboreviews.com\/en\/listing-category\/services_de_livraison\/\">Services de livraison<\/a><\/h5>        <\/div>   <\/div><\/div><div class=\"col-md-3\">   <div class=\"lp-category-boxed2-inner\">       <div class=\"lp-category-boxed2-inner-top\">            <i class=\"icon icon-category-element fa-solid fa-hammer\"><\/i><h5><a href=\"https:\/\/jamboreviews.com\/en\/listing-category\/artisanat\/\">Artisanat<\/a><\/h5>        <\/div>   <\/div><\/div><div class=\"col-md-3\">   <div class=\"lp-category-boxed2-inner\">       <div class=\"lp-category-boxed2-inner-top\">            <i class=\"icon icon-category-element fa-solid fa-laptop\"><\/i><h5><a href=\"https:\/\/jamboreviews.com\/en\/listing-category\/informatique\/\">Informatique<\/a><\/h5>        <\/div>   <\/div><\/div><div class=\"col-md-3\">   <div class=\"lp-category-boxed2-inner\">       <div class=\"lp-category-boxed2-inner-top\">            <i class=\"icon icon-category-element fa-solid fa-graduation-cap\"><\/i><h5><a href=\"https:\/\/jamboreviews.com\/en\/listing-category\/universites\/\">Universit\u00e9s<\/a><\/h5>        <\/div>   <\/div><\/div><div class=\"col-md-3\">   <div class=\"lp-category-boxed2-inner\">       <div class=\"lp-category-boxed2-inner-top\">            <i class=\"icon icon-category-element fa-solid fa-mobile-screen-button\"><\/i><h5><a href=\"https:\/\/jamboreviews.com\/en\/listing-category\/fintech_et_mobile_money\/\">FinTech &amp; Mobile Money<\/a><\/h5>        <\/div>   <\/div><\/div><div class=\"col-md-3\">   <div class=\"lp-category-boxed2-inner\">       <div class=\"lp-category-boxed2-inner-top\">            <i class=\"icon icon-category-element fa-solid fa-bus\"><\/i><h5><a href=\"https:\/\/jamboreviews.com\/en\/listing-category\/transports\/\">Transports<\/a><\/h5>        <\/div>   <\/div><\/div><div class=\"col-md-3\">   <div class=\"lp-category-boxed2-inner\">       <div class=\"lp-category-boxed2-inner-top\">            <i class=\"icon icon-category-element fa-solid fa-bolt\"><\/i><h5><a href=\"https:\/\/jamboreviews.com\/en\/listing-category\/energie\/\">\u00c9nergie<\/a><\/h5>        <\/div>   <\/div><\/div><div class=\"col-md-3\">   <div class=\"lp-category-boxed2-inner\">       <div class=\"lp-category-boxed2-inner-top\">            <i class=\"icon icon-category-element fa-solid fa-car-side\"><\/i><h5><a href=\"https:\/\/jamboreviews.com\/en\/listing-category\/auto_ecoles\/\">Auto-\u00e9coles<\/a><\/h5>        <\/div>   <\/div><\/div><div class=\"col-md-3\">   <div class=\"lp-category-boxed2-inner\">       <div class=\"lp-category-boxed2-inner-top\">            <i class=\"icon icon-category-element fa-solid fa-hotel\"><\/i><h5><a href=\"https:\/\/jamboreviews.com\/en\/listing-category\/hotels_et_hebergements\/\">H\u00f4tels &amp; H\u00e9bergements<\/a><\/h5>        <\/div>   <\/div><\/div><div class=\"col-md-3\">   <div class=\"lp-category-boxed2-inner\">       <div class=\"lp-category-boxed2-inner-top\">            <i class=\"icon icon-category-element fa-solid fa-scissors\"><\/i><h5><a href=\"https:\/\/jamboreviews.com\/en\/listing-category\/coiffeurs_et_barbiers\/\">Coiffeurs &amp; Barbiers<\/a><\/h5>        <\/div>   <\/div><\/div><div class=\"col-md-3\">   <div class=\"lp-category-boxed2-inner\">       <div class=\"lp-category-boxed2-inner-top\">            <i class=\"icon icon-category-element fa-solid fa-shield-halved\"><\/i><h5><a href=\"https:\/\/jamboreviews.com\/en\/listing-category\/assurances\/\">Assurances<\/a><\/h5>        <\/div>   <\/div><\/div><div class=\"col-md-3\">   <div class=\"lp-category-boxed2-inner\">       <div class=\"lp-category-boxed2-inner-top\">            <i class=\"icon icon-category-element fa-solid fa-briefcase\"><\/i><h5><a href=\"https:\/\/jamboreviews.com\/en\/listing-category\/recrutement_et_emploi\/\">Recrutement &amp; Emploi<\/a><\/h5>        <\/div>   <\/div><\/div><div class=\"col-md-3\">   <div class=\"lp-category-boxed2-inner\">       <div class=\"lp-category-boxed2-inner-top\">            <i class=\"icon icon-category-element fa-solid fa-pills\"><\/i><h5><a href=\"https:\/\/jamboreviews.com\/en\/listing-category\/pharmacies\/\">Pharmacies<\/a><\/h5>        <\/div>   <\/div><\/div><div class=\"col-md-3\">   <div class=\"lp-category-boxed2-inner\">       <div class=\"lp-category-boxed2-inner-top\">            <i class=\"icon icon-category-element fa-solid fa-store\"><\/i><h5><a href=\"https:\/\/jamboreviews.com\/en\/listing-category\/marches_et_commerces_locaux\/\">March\u00e9s &amp; Commerces Locaux<\/a><\/h5>        <\/div>   <\/div><\/div><div class=\"col-md-3\">   <div class=\"lp-category-boxed2-inner\">       <div class=\"lp-category-boxed2-inner-top\">            <i class=\"icon icon-category-element fa-solid fa-cart-shopping\"><\/i><h5><a href=\"https:\/\/jamboreviews.com\/en\/listing-category\/super_marches\/\">Super March\u00e9s<\/a><\/h5>        <\/div>   <\/div><\/div><div class=\"col-md-3\">   <div class=\"lp-category-boxed2-inner\">       <div class=\"lp-category-boxed2-inner-top\">            <i class=\"icon icon-category-element fa-solid fa-kaaba\"><\/i><h5><a href=\"https:\/\/jamboreviews.com\/en\/listing-category\/centres_de_formation_islamiques\/\">Centres de formation islamiques<\/a><\/h5>        <\/div>   <\/div><\/div><div class=\"col-md-3\">   <div class=\"lp-category-boxed2-inner\">       <div class=\"lp-category-boxed2-inner-top\">            <i class=\"icon icon-category-element fa-solid fa-hospital\"><\/i><h5><a href=\"https:\/\/jamboreviews.com\/en\/listing-category\/sante_et_hopitaux\/\">Sant\u00e9 &amp; H\u00f4pitaux<\/a><\/h5>        <\/div>   <\/div><\/div><div class=\"col-md-3\">   <div class=\"lp-category-boxed2-inner\">       <div class=\"lp-category-boxed2-inner-top\">            <i class=\"icon icon-category-element fa-solid fa-hand-holding-heart\"><\/i><h5><a href=\"https:\/\/jamboreviews.com\/en\/listing-category\/ong_et_associations\/\">ONG &amp; Associations<\/a><\/h5>        <\/div>   <\/div><\/div><div class=\"col-md-3\">   <div class=\"lp-category-boxed2-inner\">       <div class=\"lp-category-boxed2-inner-top\">            <i class=\"icon icon-category-element fa-solid fa-gem\"><\/i><h5><a href=\"https:\/\/jamboreviews.com\/en\/listing-category\/bijoux_et_montres\/\">Bijoux et Montres<\/a><\/h5>        <\/div>   <\/div><\/div><div class=\"col-md-3\">   <div class=\"lp-category-boxed2-inner\">       <div class=\"lp-category-boxed2-inner-top\">            <i class=\"icon icon-category-element fa-solid fa-map-location-dot\"><\/i><h5><a href=\"https:\/\/jamboreviews.com\/en\/listing-category\/lieux_touristiques\/\">Lieux touristiques<\/a><\/h5>        <\/div>   <\/div><\/div><div class=\"col-md-3\">   <div class=\"lp-category-boxed2-inner\">       <div class=\"lp-category-boxed2-inner-top\">            <i class=\"icon icon-category-element fa-solid fa-tower-cell\"><\/i><h5><a href=\"https:\/\/jamboreviews.com\/en\/listing-category\/telecommunications\/\">T\u00e9l\u00e9communications<\/a><\/h5>        <\/div>   <\/div><\/div><div class=\"col-md-3\">   <div class=\"lp-category-boxed2-inner\">       <div class=\"lp-category-boxed2-inner-top\">            <i class=\"icon icon-category-element fa-solid fa-mosque\"><\/i><h5><a href=\"https:\/\/jamboreviews.com\/en\/listing-category\/lieux_de_culte\/\">Lieux de culte<\/a><\/h5>        <\/div>   <\/div><\/div><div class=\"col-md-3\">   <div class=\"lp-category-boxed2-inner\">       <div class=\"lp-category-boxed2-inner-top\">            <i class=\"icon icon-category-element fa-solid fa-utensils\"><\/i><h5><a href=\"https:\/\/jamboreviews.com\/en\/listing-category\/restaurants\/\">Restaurants<\/a><\/h5>        <\/div>   <\/div><\/div><div class=\"col-md-3\">   <div class=\"lp-category-boxed2-inner\">       <div class=\"lp-category-boxed2-inner-top\">            <i class=\"icon icon-category-element fa-solid fa-seedling\"><\/i><h5><a href=\"https:\/\/jamboreviews.com\/en\/listing-category\/agriculture_et_elevage\/\">Agriculture &amp; \u00c9levage<\/a><\/h5>        <\/div>   <\/div><\/div><div class=\"col-md-3\">   <div class=\"lp-category-boxed2-inner\">       <div class=\"lp-category-boxed2-inner-top\">            <i class=\"icon icon-category-element fa-solid fa-landmark-dome\"><\/i><h5><a href=\"https:\/\/jamboreviews.com\/en\/listing-category\/centres_culturels_et_musees\/\">Centres culturels &amp; mus\u00e9es<\/a><\/h5>        <\/div>   <\/div><\/div><div class=\"col-md-3\">   <div class=\"lp-category-boxed2-inner\">       <div class=\"lp-category-boxed2-inner-top\">            <i class=\"icon icon-category-element fa-solid fa-tv\"><\/i><h5><a href=\"https:\/\/jamboreviews.com\/en\/listing-category\/medias\/\">M\u00e9dias<\/a><\/h5>        <\/div>   <\/div><\/div><div class=\"col-md-3\">   <div class=\"lp-category-boxed2-inner\">       <div class=\"lp-category-boxed2-inner-top\">            <i class=\"icon icon-category-element fa-solid fa-shirt\"><\/i><h5><a href=\"https:\/\/jamboreviews.com\/en\/listing-category\/mode_et_beaute\/\">Mode &amp; Beaut\u00e9<\/a><\/h5>        <\/div>   <\/div><\/div><div class=\"col-md-3\">   <div class=\"lp-category-boxed2-inner\">       <div class=\"lp-category-boxed2-inner-top\">            <i class=\"icon icon-category-element fa-solid fa-futbol\"><\/i><h5><a href=\"https:\/\/jamboreviews.com\/en\/listing-category\/loisirs_et_sports\/\">Loisirs &amp; Sports<\/a><\/h5>        <\/div>   <\/div><\/div><div class=\"col-md-3\">   <div class=\"lp-category-boxed2-inner\">       <div class=\"lp-category-boxed2-inner-top\">            <i class=\"icon icon-category-element fa-solid fa-lightbulb\"><\/i><h5><a href=\"https:\/\/jamboreviews.com\/en\/listing-category\/start_ups\/\">Start-ups<\/a><\/h5>        <\/div>   <\/div><\/div><div class=\"col-md-3\">   <div class=\"lp-category-boxed2-inner\">       <div class=\"lp-category-boxed2-inner-top\">            <i class=\"icon icon-category-element fa-solid fa-calendar-days\"><\/i><h5><a href=\"https:\/\/jamboreviews.com\/en\/listing-category\/evenementiel\/\">\u00c9v\u00e9nementiel<\/a><\/h5>        <\/div>   <\/div><\/div><div class=\"col-md-3\">   <div class=\"lp-category-boxed2-inner\">       <div class=\"lp-category-boxed2-inner-top\">            <i class=\"icon icon-category-element fa-solid fa-building-columns\"><\/i><h5><a href=\"https:\/\/jamboreviews.com\/en\/listing-category\/banques\/\">Banques<\/a><\/h5>        <\/div>   <\/div><\/div><\/div><\/div><\/div><\/div><\/div><\/div><\/div>\n\t\t<\/div>\n<\/div>","protected":false},"excerpt":{"rendered":"Services juridiques Services Immobilier Stations services D\u00e9p\u00f4ts &amp; Grossistes Administration publique BTP &amp; Construction \u00c9coles de formation Services de livraison Artisanat Informatique Universit\u00e9s FinTech &amp; Mobile Money Transports \u00c9nergie Auto-\u00e9coles H\u00f4tels &amp; H\u00e9bergements Coiffeurs &amp; Barbiers Assurances Recrutement &amp; Emploi Pharmacies March\u00e9s &amp; Commerces Locaux Super March\u00e9s Centres de formation islamiques Sant\u00e9 &amp; H\u00f4pitaux ONG [...]","protected":false},"author":1,"featured_media":0,"parent":0,"menu_order":0,"comment_status":"closed","ping_status":"closed","template":"","meta":{"_acf_changed":false,"footnotes":""},"class_list":["post-27303","page","type-page","status-publish","hentry"],"acf":[],"cubewp_post_meta":[],"taxonomies":[],"_links":{"self":[{"href":"https:\/\/jamboreviews.com\/en\/wp-json\/wp\/v2\/pages\/27303","targetHints":{"allow":["GET"]}}],"collection":[{"href":"https:\/\/jamboreviews.com\/en\/wp-json\/wp\/v2\/pages"}],"about":[{"href":"https:\/\/jamboreviews.com\/en\/wp-json\/wp\/v2\/types\/page"}],"author":[{"embeddable":true,"href":"https:\/\/jamboreviews.com\/en\/wp-json\/wp\/v2\/users\/1"}],"replies":[{"embeddable":true,"href":"https:\/\/jamboreviews.com\/en\/wp-json\/wp\/v2\/comments?post=27303"}],"version-history":[{"count":13,"href":"https:\/\/jamboreviews.com\/en\/wp-json\/wp\/v2\/pages\/27303\/revisions"}],"predecessor-version":[{"id":27483,"href":"https:\/\/jamboreviews.com\/en\/wp-json\/wp\/v2\/pages\/27303\/revisions\/27483"}],"wp:attachment":[{"href":"https:\/\/jamboreviews.com\/en\/wp-json\/wp\/v2\/media?parent=27303"}],"curies":[{"name":"wp","href":"https:\/\/api.w.org\/{rel}","templated":true}]}}